{"id":34,"date":"2016-04-26T17:24:45","date_gmt":"2016-04-26T15:24:45","guid":{"rendered":"http:\/\/tequilasanjose.com\/?page_id=34"},"modified":"2021-02-10T16:15:11","modified_gmt":"2021-02-10T15:15:11","slug":"mentions-legales","status":"publish","type":"page","link":"https:\/\/tequilasanjose.com\/en\/mentions-legales\/","title":{"rendered":"Legal notice"},"content":{"rendered":"<p>You are currently connected to the \u201cwww.tequilasanjose.com\u201d website\u2028published by MARIE BRIZARD WINE &amp; SPIRITS France,\u2028a French company (soci\u00e9t\u00e9 par actions simplifi\u00e9e), registered at the RCS of Cr\u00e9teil under no. 454\u00a0200\u00a0064, having its Head Office at 19 Boulevard Paul Vaillant Couturier, 94200 Ivry-sur-Seine.<br \/>\nPublication Manager : Stanislas RONTEIX as C. E. O.<br \/>\nCreation and development : Agence MANIFIK &#8211; 9 Impasse de Mont-Louis &#8211; 75011 Paris (FRANCE) Tel. 01 70 81 45 85.<br \/>\nHosting : Mailclub.<br \/>\nBy accessing this site, you agree with the terms and conditions stated below.<br \/>\nAccess to the site is subject to national, Community and international legislation applicable in the country of connection.<br \/>\nYou must be of legal drinking age in your country \/ state of residence. If you are not of legal drinking age in your country, state or territory of residence, or if you are in a country or territory where access to this website is not authorized, please leave the \u201cwww.tequilasanjose.com\u201d website.<\/p>\n<h2>Site content :<\/h2>\n<p>Even though the specifications, functions, illustrations, text, images, audio and video documents, content, and other information contained on this site are based on up-to-date information, and MARIE BRIZARD WINE &amp; SPIRITS France takes all reasonable measures to ensure that all the content, information and items on this website are correct, MARIE BRIZARD WINE &amp; SPIRITS France cannot fully guarantee their accuracy.<\/p>\n<h2>Modification of the terms of use\/content of the site :<\/h2>\n<p>MARIE BRIZARD WINE &amp; SPIRITS France reserves the right to modify the present terms of use at any time, for any reason and without notification, by updating this page ; these modifications will take effect as soon as uploaded to the site. We invite you to regularly visit this page of the site, in order to review the conditions of use.\u2028MARIE BRIZARD WINE &amp; SPIRITS France reserves the right to modify all or part of the content on the site, at any time, for any reason and without notification.<\/p>\n<h2>Copyrights and right of reproduction :<\/h2>\n<p>All of the content on this site is covered by French and international legislation concerning copyright and intellectual property rights. All reproduction rights are reserved. The presentation and content of the present site (images, audio and video documents, graphics, text, video material, information or images of places or people on the site) constitute a work protected by the Intellectual Property law, for which MARIE BRIZARD WINE &amp; SPIRITS France is the copyright holder. \u2028Unless prior approval is obtained from MARIE BRIZARD WINE &amp; SPIRITS France in writing, reproduction of all or part of the site, regardless the form and purpose, is formally prohibited. In the absence of such approval, MARIE BRIZARD WINE &amp; SPIRITS France will assert all of its intellectual and\/or industrial property rights in compliance with the applicable law. \u2028Any unauthorized use of this information is prohibited and may be subject (but not limited) to legal action and\/or compensation to remedy any harm resulting from the violation of these intellectual and\/or industrial property rights, copyrights or rights relating to the respect of privacy and publicity.<\/p>\n<h2>Brands and logos :<\/h2>\n<p>The brands and logos are the property of MARIE BRIZARD WINE &amp; SPIRITS France. Any reproduction and\/or use thereof without prior approval from MARIE BRIZARD WINE &amp; SPIRITS France may result in the user being held liable, and may represent copyright infringement which is punishable by the penalties specified in articles L.335-2, L.713-2, L.713-3 and L.716-1 of the French Intellectual Property Code.<\/p>\n<h2>Prohibited use :<\/h2>\n<p>Any total or partial commercialization of the original presentation of the site and\/or of its content, to any third party and under any form, is strictly prohibited.\u2028It is strictly prohibited to make elements of the site (audio, video, graphics, text) available to the public by sale, exchange or rental.\u2028Violation of these mandatory provisions exposes the perpetrator to the civil and penal punishments specified by law.<\/p>\n<h2>Exceptions for private use :<\/h2>\n<p>In compliance with article L.122-5 of the Code, content presented on this site may only be used for private and non-exclusive use by any user of the site. This means that all users have the right to reproduce this content, for storage on a single computer for the purpose of representation on a single screen and for reproduction, in a single copy for backup or to be printed on paper.<br \/>\nEach user may make reproductions on paper, only in the case of private copy for non-collective use.<\/p>\n<h2>Databases :<\/h2>\n<p>MARIE BRIZARD WINE &amp; SPIRITS France, as author and producer of the database which constitutes the site, is the owner of all rights regarding this database.<br \/>\nAs such, in compliance with article L.342-1 et seq. of the French Intellectual Property Code, MARIE BRIZARD WINE &amp; SPIRITS France prohibits extraction by permanent or temporary transfer on any media, by any means and under any form, of all or of a substantial portion of this site, unless these operations are done for purely private or educational purposes.<\/p>\n<h2>Responsibilities :<\/h2>\n<p>MARIE BRIZARD WINE &amp; SPIRITS France shall not be held responsible for direct or indirect losses occurring when visiting and\/or using the present site, or for any virus passed through this site.<\/p>\n<h2>Personal Information :<\/h2>\n<p>When visiting the \u201cwww.tequilasanjose.com\u201d website, the following may be collected : the URL of links allowing the user to access the site, the ISP of the user, the user\u2019s IP address.<br \/>\nIn any event, MARIE BRIZARD WINE &amp; SPIRITS France only collects personal information about the user which are necessary for certain services offered by the \u201cwww.tequilasanjose.com\u201d website.<br \/>\nThe user provides this information with full knowledge, notably when he enters the information himself. It is then indicated whether the user of the site is obligated to provide this information.<br \/>\nAccording to the provisions of articles 38 et seq. of the French Law no. 78-17 of 6th January 1978 \u201cData protection Act\u201d, any user has the right to access, correct and oppose any of its personal information, by sending his written and signed request to MARIE BRIZARD WINE &amp; SPIRITS France, enclosing a copy of ID bearing the owner\u2019s signature, and specifying the address to which the answer must be sent.\u2028\u2028No personal information belonging to the user of the MARIE BRIZARD WINE &amp; SPIRITS France\u2019s \u201cwww.tequilasanjose.com\u201d website is published, exchanged, transferred, assigned or sold on any media to third parties without the user\u2019s knowledge.\u2028\u2028The site is not declared to the CNIL because it does not collect personal information covered by this obligation.<\/p>\n<h2>External links &amp; cookies:<\/h2>\n<p>This Website may be linked to other Websites. As such, MARIE BRIZARD WINE &amp; SPIRITS France only provides links for the sake of convenience, which may under no circumstances be interpreted, directly or indirectly, as approval, association, sponsorship, endorsement, responsibility or affiliation with the Website to which it is linked, or with any content, information or other materials contained thereon, unless otherwise specified.<br \/>\nMARIE BRIZARD WINE &amp; SPIRITS France refuses any guarantee, explicit or implicit, concerning the accuracy, legality, reliability or validity of any content, information or other materials of any other Website. By visiting this Website, you acknowledge and accept that MARIE BRIZARD WINE &amp; SPIRITS France has not examined all the Websites linked to this site and is not responsible for the content of the off-line pages or for any other Website linked to this site.<br \/>\nAs such, you access the off-web pages and all other Websites at your own risk.<br \/>\nYou must obtain prior authorization from MARIE BRIZARD WINE &amp; SPIRITS France to link this Website to your own Website.<br \/>\nFurthermore, navigation on the \u201cwww.tequilasanjose.com\u201d Website may result in the installation of cookies on the user\u2018s computer. A cookie is a small file that does not permit identification of the user but records information relating to the navigation of a computer on a site.<br \/>\nData obtained in this manner facilitates future navigation of the site and is also intended to permit various traffic data analysis.Refusal to install a cookie could prevent access to certain services.<br \/>\nHowever, the user may configure his computer in the following manner in order to refuse the installation of cookies:<br \/>\nIn Internet Explorer : tool tab (pictogram in the form of a cog at the upper right) \/ Internet options. Click on Privacy and choose Block all cookies. Validate by clicking Ok.<br \/>\nIn Firefox : at the top of the browser window, click on the Firefox button, then go to the Options tab. Click on the Privacy tab. Set the setting for rules of storage on: use the personalized settings for browser history. Lastly, uncheck it to deactivate cookies.<br \/>\nIn Safari : at the top right of the browser, click on the menu pictogram (symbolized by a cog). Select Settings. Click on Display advanced settings. In the \u201cPrivacy\u201d section, click on Content Settings. In the \u201cCookies\u201d section, you may block cookies.<br \/>\nIn Chrome : at the top right of the browser, click on the menu pictogram (symbolized by three horizontal lines). Select Settings. Click on Display advanced settings. In the \u201cPrivacy\u201d section, click on preferences. In the \u201cPrivacy\u201d tab, you may block cookies.<\/p>\n","protected":false},"excerpt":{"rendered":"<p>You are currently connected to the \u201cwww.tequilasanjose.com\u201d website\u2028published by MARIE BRIZARD WINE &amp; SPIRITS France,\u2028a French company (soci\u00e9t\u00e9 par actions simplifi\u00e9e), registered at the RCS of Cr\u00e9teil under no. 454\u00a0200\u00a0064, having its Head Office at 19 Boulevard Paul Vaillant Couturier, 94200 Ivry-sur-Seine. Publication Manager : Stanislas RONTEIX as C. E. O. Creation and development : &hellip; <a href=\"https:\/\/tequilasanjose.com\/en\/mentions-legales\/\" class=\"more-link\">Continue reading <span class=\"screen-reader-text\">Legal notice<\/span><\/a><\/p>\n","protected":false},"author":1,"featured_media":0,"parent":0,"menu_order":0,"comment_status":"closed","ping_status":"closed","template":"","meta":{"_acf_changed":false,"footnotes":""},"class_list":["post-34","page","type-page","status-publish","hentry"],"acf":[],"yoast_head":"<!-- This site is optimized with the Yoast SEO plugin v27.4 - https:\/\/yoast.com\/product\/yoast-seo-wordpress\/ -->\n<title>Legal notice - San Jose en<\/title>\n<meta name=\"robots\" content=\"index, follow, max-snippet:-1, max-image-preview:large, max-video-preview:-1\" \/>\n<link rel=\"canonical\" href=\"https:\/\/tequilasanjose.com\/en\/mentions-legales\/\" \/>\n<meta property=\"og:locale\" content=\"en_US\" \/>\n<meta property=\"og:type\" content=\"article\" \/>\n<meta property=\"og:title\" content=\"Legal notice - San Jose en\" \/>\n<meta property=\"og:description\" content=\"You are currently connected to the \u201cwww.tequilasanjose.com\u201d website\u2028published by MARIE BRIZARD WINE &amp; SPIRITS France,\u2028a French company (soci\u00e9t\u00e9 par actions simplifi\u00e9e), registered at the RCS of Cr\u00e9teil under no. 454\u00a0200\u00a0064, having its Head Office at 19 Boulevard Paul Vaillant Couturier, 94200 Ivry-sur-Seine. Publication Manager : Stanislas RONTEIX as C. E. O. Creation and development : &hellip; Continue reading Legal notice\" \/>\n<meta property=\"og:url\" content=\"https:\/\/tequilasanjose.com\/en\/mentions-legales\/\" \/>\n<meta property=\"og:site_name\" content=\"San Jose en\" \/>\n<meta property=\"article:modified_time\" content=\"2021-02-10T15:15:11+00:00\" \/>\n<meta name=\"twitter:card\" content=\"summary_large_image\" \/>\n<meta name=\"twitter:label1\" content=\"Est. reading time\" \/>\n\t<meta name=\"twitter:data1\" content=\"7 minutes\" \/>\n<script type=\"application\/ld+json\" class=\"yoast-schema-graph\">{\"@context\":\"https:\\\/\\\/schema.org\",\"@graph\":[{\"@type\":\"WebPage\",\"@id\":\"https:\\\/\\\/tequilasanjose.com\\\/en\\\/mentions-legales\\\/\",\"url\":\"https:\\\/\\\/tequilasanjose.com\\\/en\\\/mentions-legales\\\/\",\"name\":\"Legal notice - San Jose en\",\"isPartOf\":{\"@id\":\"https:\\\/\\\/tequilasanjose.com\\\/en\\\/#website\"},\"datePublished\":\"2016-04-26T15:24:45+00:00\",\"dateModified\":\"2021-02-10T15:15:11+00:00\",\"breadcrumb\":{\"@id\":\"https:\\\/\\\/tequilasanjose.com\\\/en\\\/mentions-legales\\\/#breadcrumb\"},\"inLanguage\":\"en-US\",\"potentialAction\":[{\"@type\":\"ReadAction\",\"target\":[\"https:\\\/\\\/tequilasanjose.com\\\/en\\\/mentions-legales\\\/\"]}]},{\"@type\":\"BreadcrumbList\",\"@id\":\"https:\\\/\\\/tequilasanjose.com\\\/en\\\/mentions-legales\\\/#breadcrumb\",\"itemListElement\":[{\"@type\":\"ListItem\",\"position\":1,\"name\":\"Accueil\",\"item\":\"https:\\\/\\\/tequilasanjose.com\\\/en\\\/\"},{\"@type\":\"ListItem\",\"position\":2,\"name\":\"Legal notice\"}]},{\"@type\":\"WebSite\",\"@id\":\"https:\\\/\\\/tequilasanjose.com\\\/en\\\/#website\",\"url\":\"https:\\\/\\\/tequilasanjose.com\\\/en\\\/\",\"name\":\"San Jose en\",\"description\":\"Un site utilisant Sites San Jose\",\"potentialAction\":[{\"@type\":\"SearchAction\",\"target\":{\"@type\":\"EntryPoint\",\"urlTemplate\":\"https:\\\/\\\/tequilasanjose.com\\\/en\\\/?s={search_term_string}\"},\"query-input\":{\"@type\":\"PropertyValueSpecification\",\"valueRequired\":true,\"valueName\":\"search_term_string\"}}],\"inLanguage\":\"en-US\"}]}<\/script>\n<!-- \/ Yoast SEO plugin. -->","yoast_head_json":{"title":"Legal notice - San Jose en","robots":{"index":"index","follow":"follow","max-snippet":"max-snippet:-1","max-image-preview":"max-image-preview:large","max-video-preview":"max-video-preview:-1"},"canonical":"https:\/\/tequilasanjose.com\/en\/mentions-legales\/","og_locale":"en_US","og_type":"article","og_title":"Legal notice - San Jose en","og_description":"You are currently connected to the \u201cwww.tequilasanjose.com\u201d website\u2028published by MARIE BRIZARD WINE &amp; SPIRITS France,\u2028a French company (soci\u00e9t\u00e9 par actions simplifi\u00e9e), registered at the RCS of Cr\u00e9teil under no. 454\u00a0200\u00a0064, having its Head Office at 19 Boulevard Paul Vaillant Couturier, 94200 Ivry-sur-Seine. Publication Manager : Stanislas RONTEIX as C. E. O. Creation and development : &hellip; Continue reading Legal notice","og_url":"https:\/\/tequilasanjose.com\/en\/mentions-legales\/","og_site_name":"San Jose en","article_modified_time":"2021-02-10T15:15:11+00:00","twitter_card":"summary_large_image","twitter_misc":{"Est. reading time":"7 minutes"},"schema":{"@context":"https:\/\/schema.org","@graph":[{"@type":"WebPage","@id":"https:\/\/tequilasanjose.com\/en\/mentions-legales\/","url":"https:\/\/tequilasanjose.com\/en\/mentions-legales\/","name":"Legal notice - San Jose en","isPartOf":{"@id":"https:\/\/tequilasanjose.com\/en\/#website"},"datePublished":"2016-04-26T15:24:45+00:00","dateModified":"2021-02-10T15:15:11+00:00","breadcrumb":{"@id":"https:\/\/tequilasanjose.com\/en\/mentions-legales\/#breadcrumb"},"inLanguage":"en-US","potentialAction":[{"@type":"ReadAction","target":["https:\/\/tequilasanjose.com\/en\/mentions-legales\/"]}]},{"@type":"BreadcrumbList","@id":"https:\/\/tequilasanjose.com\/en\/mentions-legales\/#breadcrumb","itemListElement":[{"@type":"ListItem","position":1,"name":"Accueil","item":"https:\/\/tequilasanjose.com\/en\/"},{"@type":"ListItem","position":2,"name":"Legal notice"}]},{"@type":"WebSite","@id":"https:\/\/tequilasanjose.com\/en\/#website","url":"https:\/\/tequilasanjose.com\/en\/","name":"San Jose en","description":"Un site utilisant Sites San Jose","potentialAction":[{"@type":"SearchAction","target":{"@type":"EntryPoint","urlTemplate":"https:\/\/tequilasanjose.com\/en\/?s={search_term_string}"},"query-input":{"@type":"PropertyValueSpecification","valueRequired":true,"valueName":"search_term_string"}}],"inLanguage":"en-US"}]}},"_links":{"self":[{"href":"https:\/\/tequilasanjose.com\/en\/wp-json\/wp\/v2\/pages\/34","targetHints":{"allow":["GET"]}}],"collection":[{"href":"https:\/\/tequilasanjose.com\/en\/wp-json\/wp\/v2\/pages"}],"about":[{"href":"https:\/\/tequilasanjose.com\/en\/wp-json\/wp\/v2\/types\/page"}],"author":[{"embeddable":true,"href":"https:\/\/tequilasanjose.com\/en\/wp-json\/wp\/v2\/users\/1"}],"replies":[{"embeddable":true,"href":"https:\/\/tequilasanjose.com\/en\/wp-json\/wp\/v2\/comments?post=34"}],"version-history":[{"count":13,"href":"https:\/\/tequilasanjose.com\/en\/wp-json\/wp\/v2\/pages\/34\/revisions"}],"predecessor-version":[{"id":351,"href":"https:\/\/tequilasanjose.com\/en\/wp-json\/wp\/v2\/pages\/34\/revisions\/351"}],"wp:attachment":[{"href":"https:\/\/tequilasanjose.com\/en\/wp-json\/wp\/v2\/media?parent=34"}],"curies":[{"name":"wp","href":"https:\/\/api.w.org\/{rel}","templated":true}]}}